{"id":2318,"date":"2015-10-23T11:24:16","date_gmt":"2015-10-23T11:24:16","guid":{"rendered":"http:\/\/themes.muffingroup.com\/be\/copywriter\/?page_id=2318"},"modified":"2023-02-16T19:08:37","modified_gmt":"2023-02-16T19:08:37","slug":"energialaranja8","status":"publish","type":"page","link":"http:\/\/jsdacores.pt\/front\/energialaranja8\/","title":{"rendered":"Energia Laranja"},"content":{"rendered":"<p><img loading=\"lazy\" decoding=\"async\" data-attachment-id=\"2319\" data-permalink=\"http:\/\/jsdacores.pt\/front\/energialaranja8\/attachment\/logo\/\" data-orig-file=\"https:\/\/i0.wp.com\/jsdacores.pt\/front\/wp-content\/uploads\/2017\/03\/logo.png?fit=250%2C72\" data-orig-size=\"250,72\" data-comments-opened=\"1\" data-image-meta=\"{&quot;aperture&quot;:&quot;0&quot;,&quot;credit&quot;:&quot;&quot;,&quot;camera&quot;:&quot;&quot;,&quot;caption&quot;:&quot;&quot;,&quot;created_timestamp&quot;:&quot;0&quot;,&quot;copyright&quot;:&quot;&quot;,&quot;focal_length&quot;:&quot;0&quot;,&quot;iso&quot;:&quot;0&quot;,&quot;shutter_speed&quot;:&quot;0&quot;,&quot;title&quot;:&quot;&quot;,&quot;orientation&quot;:&quot;0&quot;}\" data-image-title=\"logo\" data-image-description=\"\" data-image-caption=\"\" data-medium-file=\"https:\/\/i0.wp.com\/jsdacores.pt\/front\/wp-content\/uploads\/2017\/03\/logo.png?fit=250%2C72\" data-large-file=\"https:\/\/i0.wp.com\/jsdacores.pt\/front\/wp-content\/uploads\/2017\/03\/logo.png?fit=250%2C72\" class=\"aligncenter wp-image-2319 \" src=\"https:\/\/i0.wp.com\/jsdacores.pt\/front\/wp-content\/uploads\/2017\/03\/logo.png?resize=151%2C52\" alt=\"\" width=\"151\" height=\"52\" data-recalc-dims=\"1\" \/><\/p>\n<p><img decoding=\"async\" data-attachment-id=\"3330\" data-permalink=\"http:\/\/jsdacores.pt\/front\/energialaranja8\/attachment\/logo-2\/\" data-orig-file=\"https:\/\/i0.wp.com\/jsdacores.pt\/front\/wp-content\/uploads\/2015\/10\/Logo.png?fit=814%2C174\" data-orig-size=\"814,174\" data-comments-opened=\"1\" data-image-meta=\"{&quot;aperture&quot;:&quot;0&quot;,&quot;credit&quot;:&quot;&quot;,&quot;camera&quot;:&quot;&quot;,&quot;caption&quot;:&quot;&quot;,&quot;created_timestamp&quot;:&quot;0&quot;,&quot;copyright&quot;:&quot;&quot;,&quot;focal_length&quot;:&quot;0&quot;,&quot;iso&quot;:&quot;0&quot;,&quot;shutter_speed&quot;:&quot;0&quot;,&quot;title&quot;:&quot;&quot;,&quot;orientation&quot;:&quot;0&quot;}\" data-image-title=\"Logo\" data-image-description=\"\" data-image-caption=\"\" data-medium-file=\"https:\/\/i0.wp.com\/jsdacores.pt\/front\/wp-content\/uploads\/2015\/10\/Logo.png?fit=300%2C64\" data-large-file=\"https:\/\/i0.wp.com\/jsdacores.pt\/front\/wp-content\/uploads\/2015\/10\/Logo.png?fit=814%2C174\" class=\"alignnone wp-image-3330\" src=\"https:\/\/i0.wp.com\/jsdacores.pt\/front\/wp-content\/uploads\/2015\/10\/Logo.png?w=1200\" alt=\"\" srcset=\"https:\/\/i0.wp.com\/jsdacores.pt\/front\/wp-content\/uploads\/2015\/10\/Logo.png?w=814 814w, https:\/\/i0.wp.com\/jsdacores.pt\/front\/wp-content\/uploads\/2015\/10\/Logo.png?resize=300%2C64 300w, https:\/\/i0.wp.com\/jsdacores.pt\/front\/wp-content\/uploads\/2015\/10\/Logo.png?resize=768%2C164 768w, https:\/\/i0.wp.com\/jsdacores.pt\/front\/wp-content\/uploads\/2015\/10\/Logo.png?resize=260%2C56 260w, https:\/\/i0.wp.com\/jsdacores.pt\/front\/wp-content\/uploads\/2015\/10\/Logo.png?resize=50%2C11 50w, https:\/\/i0.wp.com\/jsdacores.pt\/front\/wp-content\/uploads\/2015\/10\/Logo.png?resize=150%2C32 150w\" sizes=\"(max-width: 814px) 100vw, 814px\" data-recalc-dims=\"1\" \/><\/p>\n<h5>Edi\u00e7\u00e3o de 27-04-2026<\/h5>\n<h6><strong>Presidente: <\/strong>Lu\u00eds Raposo<strong><br \/>\nDiretor:<\/strong> Andr\u00e9 Pontes<br \/>\n(comunica\u00e7\u00e3o: energialaranja@jsdacores.pt)<\/h6>\n<h6><strong>Equipa: Andr\u00e9 Pontes<\/strong>\u00a0(JO); Miguel Azevedo (Conte\u00fados); Rui Lucas (Conte\u00fados);<\/h6>\n<p>&nbsp;<\/p>\n<a class=\"button  button_left button_size_3 button_js\" href=\"http:\/\/eepurl.com\/c_G6BT\" target=\"_blank\"     style=\" background-color:#f9c747 !important; color:#FFFFFF;\"><span class=\"button_icon\"><i class=\"icon-battery\"  style=\" color:#FFFFFF !important;\"><\/i><\/span><span class=\"button_label\">NEWSLETTER<\/span><\/a>\n\n","protected":false},"excerpt":{"rendered":"<p>Edi\u00e7\u00e3o de Presidente: Lu\u00eds Raposo Diretor: Andr\u00e9 Pontes (comunica\u00e7\u00e3o: energialaranja@jsdacores.pt) Equipa: Andr\u00e9 Pontes\u00a0(JO); Miguel Azevedo (Conte\u00fados); Rui Lucas (Conte\u00fados); &nbsp;<\/p>\n","protected":false},"author":1,"featured_media":0,"parent":0,"menu_order":0,"comment_status":"closed","ping_status":"closed","template":"","meta":{"spay_email":"","footnotes":""},"class_list":["post-2318","page","type-page","status-publish","hentry"],"jetpack_sharing_enabled":true,"jetpack_shortlink":"https:\/\/wp.me\/P8wvZV-Bo","_links":{"self":[{"href":"http:\/\/jsdacores.pt\/front\/wp-json\/wp\/v2\/pages\/2318","targetHints":{"allow":["GET"]}}],"collection":[{"href":"http:\/\/jsdacores.pt\/front\/wp-json\/wp\/v2\/pages"}],"about":[{"href":"http:\/\/jsdacores.pt\/front\/wp-json\/wp\/v2\/types\/page"}],"author":[{"embeddable":true,"href":"http:\/\/jsdacores.pt\/front\/wp-json\/wp\/v2\/users\/1"}],"replies":[{"embeddable":true,"href":"http:\/\/jsdacores.pt\/front\/wp-json\/wp\/v2\/comments?post=2318"}],"version-history":[{"count":39,"href":"http:\/\/jsdacores.pt\/front\/wp-json\/wp\/v2\/pages\/2318\/revisions"}],"predecessor-version":[{"id":7425,"href":"http:\/\/jsdacores.pt\/front\/wp-json\/wp\/v2\/pages\/2318\/revisions\/7425"}],"wp:attachment":[{"href":"http:\/\/jsdacores.pt\/front\/wp-json\/wp\/v2\/media?parent=2318"}],"curies":[{"name":"wp","href":"https:\/\/api.w.org\/{rel}","templated":true}]}}