{"id":2340,"date":"2014-12-31T12:24:29","date_gmt":"2014-12-31T12:24:29","guid":{"rendered":"http:\/\/themes.muffingroup.com\/be\/politics\/?page_id=2340"},"modified":"2023-06-26T14:59:43","modified_gmt":"2023-06-26T14:59:43","slug":"staff","status":"publish","type":"page","link":"http:\/\/jsdacores.pt\/front\/staff\/","title":{"rendered":"\u00d3rg\u00e3os Regionais"},"content":{"rendered":"<h4>Conselho Regional<\/h4>\n<p>Lu\u00eds Mota<br \/>\nNuno Picado<br \/>\nDiogo Medeiros<br \/>\nHenrique Pacheco<br \/>\nDuarte Raposo<br \/>\nJorge Furtado<br \/>\nPedro Rodrigues<br \/>\nBruno Sousa<br \/>\nGon\u00e7alo Matos<br \/>\nF\u00e1bio Teixeira<br \/>\nAna Silva<br \/>\nSusana Silva<br \/>\nV\u00edtor Vieira<br \/>\nJo\u00e3o Lima<br \/>\nRui Resendes<br \/>\nDiana Brasil<br \/>\nN\u00e9lson Botelho<br \/>\nBeatriz Silveira<br \/>\nFrederico Ferreira<br \/>\nAlbina Chaves<\/p>\n","protected":false},"excerpt":{"rendered":"<p>Conselho Regional Lu\u00eds Mota Nuno Picado Diogo Medeiros Henrique Pacheco Duarte Raposo Jorge Furtado Pedro Rodrigues Bruno Sousa Gon\u00e7alo Matos F\u00e1bio Teixeira Ana Silva Susana Silva<span class=\"excerpt-hellip\"> [\u2026]<\/span><\/p>\n","protected":false},"author":1,"featured_media":0,"parent":0,"menu_order":0,"comment_status":"open","ping_status":"closed","template":"","meta":{"spay_email":"","footnotes":""},"class_list":["post-2340","page","type-page","status-publish","hentry"],"jetpack_sharing_enabled":true,"jetpack_shortlink":"https:\/\/wp.me\/P8wvZV-BK","_links":{"self":[{"href":"http:\/\/jsdacores.pt\/front\/wp-json\/wp\/v2\/pages\/2340","targetHints":{"allow":["GET"]}}],"collection":[{"href":"http:\/\/jsdacores.pt\/front\/wp-json\/wp\/v2\/pages"}],"about":[{"href":"http:\/\/jsdacores.pt\/front\/wp-json\/wp\/v2\/types\/page"}],"author":[{"embeddable":true,"href":"http:\/\/jsdacores.pt\/front\/wp-json\/wp\/v2\/users\/1"}],"replies":[{"embeddable":true,"href":"http:\/\/jsdacores.pt\/front\/wp-json\/wp\/v2\/comments?post=2340"}],"version-history":[{"count":13,"href":"http:\/\/jsdacores.pt\/front\/wp-json\/wp\/v2\/pages\/2340\/revisions"}],"predecessor-version":[{"id":7415,"href":"http:\/\/jsdacores.pt\/front\/wp-json\/wp\/v2\/pages\/2340\/revisions\/7415"}],"wp:attachment":[{"href":"http:\/\/jsdacores.pt\/front\/wp-json\/wp\/v2\/media?parent=2340"}],"curies":[{"name":"wp","href":"https:\/\/api.w.org\/{rel}","templated":true}]}}