{"id":2488,"date":"2017-04-02T11:35:36","date_gmt":"2017-04-02T11:35:36","guid":{"rendered":"http:\/\/jsdacores.pt\/front\/?page_id=2488"},"modified":"2017-07-14T14:04:17","modified_gmt":"2017-07-14T14:04:17","slug":"atualizacao-de-dados","status":"publish","type":"page","link":"http:\/\/jsdacores.pt\/front\/atualizacao-de-dados\/","title":{"rendered":"Atualiza\u00e7\u00e3o de Dados"},"content":{"rendered":"<div class=\"wpforms-container wpforms-container-full\" id=\"wpforms-3025\"><form id=\"wpforms-form-3025\" class=\"wpforms-validate wpforms-form\" data-formid=\"3025\" method=\"post\" enctype=\"multipart\/form-data\" action=\"\/front\/wp-json\/wp\/v2\/pages\/2488\"><noscript class=\"wpforms-error-noscript\">Please enable JavaScript in your browser to complete this form.<\/noscript><div class=\"wpforms-field-container\"><div id=\"wpforms-3025-field_1-container\" class=\"wpforms-field wpforms-field-text\" data-field-id=\"1\"><label class=\"wpforms-field-label wpforms-label-hide\" for=\"wpforms-3025-field_1\">Nome <span class=\"wpforms-required-label\">*<\/span><\/label><input type=\"text\" id=\"wpforms-3025-field_1\" class=\"wpforms-field-large wpforms-field-required\" name=\"wpforms[fields][1]\" placeholder=\"Nome\" required><\/div><div id=\"wpforms-3025-field_2-container\" class=\"wpforms-field wpforms-field-text\" data-field-id=\"2\"><label class=\"wpforms-field-label wpforms-label-hide\" for=\"wpforms-3025-field_2\">BI\/CC <span class=\"wpforms-required-label\">*<\/span><\/label><input type=\"text\" id=\"wpforms-3025-field_2\" class=\"wpforms-field-large wpforms-field-required\" name=\"wpforms[fields][2]\" placeholder=\"BI\/CC\" required><\/div><div id=\"wpforms-3025-field_3-container\" class=\"wpforms-field wpforms-field-text\" data-field-id=\"3\"><label class=\"wpforms-field-label wpforms-label-hide\" for=\"wpforms-3025-field_3\">Concelho <span class=\"wpforms-required-label\">*<\/span><\/label><input type=\"text\" id=\"wpforms-3025-field_3\" class=\"wpforms-field-large wpforms-field-required\" name=\"wpforms[fields][3]\" placeholder=\"Concelho\" required><\/div><div id=\"wpforms-3025-field_4-container\" class=\"wpforms-field wpforms-field-textarea\" data-field-id=\"4\"><label class=\"wpforms-field-label wpforms-label-hide\" for=\"wpforms-3025-field_4\">Morada <span class=\"wpforms-required-label\">*<\/span><\/label><textarea id=\"wpforms-3025-field_4\" class=\"wpforms-field-medium wpforms-field-required\" name=\"wpforms[fields][4]\" placeholder=\"Morada Completa\" required><\/textarea><\/div><div id=\"wpforms-3025-field_5-container\" class=\"wpforms-field wpforms-field-text\" data-field-id=\"5\"><label class=\"wpforms-field-label wpforms-label-hide\" for=\"wpforms-3025-field_5\">Terlem\u00f3vel <span class=\"wpforms-required-label\">*<\/span><\/label><input type=\"text\" id=\"wpforms-3025-field_5\" class=\"wpforms-field-large wpforms-field-required\" name=\"wpforms[fields][5]\" placeholder=\"Telem\u00f3vel\" required><\/div><div id=\"wpforms-3025-field_6-container\" class=\"wpforms-field wpforms-field-text\" data-field-id=\"6\"><label class=\"wpforms-field-label wpforms-label-hide\" for=\"wpforms-3025-field_6\">Email <span class=\"wpforms-required-label\">*<\/span><\/label><input type=\"text\" id=\"wpforms-3025-field_6\" class=\"wpforms-field-large wpforms-field-required\" name=\"wpforms[fields][6]\" placeholder=\"Email Preferencial\" required><\/div><div id=\"wpforms-3025-field_7-container\" class=\"wpforms-field wpforms-field-textarea\" data-field-id=\"7\"><label class=\"wpforms-field-label wpforms-label-hide\" for=\"wpforms-3025-field_7\">Justifica\u00e7\u00e3o <span class=\"wpforms-required-label\">*<\/span><\/label><textarea id=\"wpforms-3025-field_7\" class=\"wpforms-field-medium wpforms-field-required\" name=\"wpforms[fields][7]\" placeholder=\"Justifica\u00e7\u00e3o do Pedido\" required><\/textarea><\/div><div id=\"wpforms-3025-field_8-container\" class=\"wpforms-field wpforms-field-checkbox\" data-field-id=\"8\"><label class=\"wpforms-field-label\" for=\"wpforms-3025-field_8\">Termos e Condi\u00e7\u00f5es <span class=\"wpforms-required-label\">*<\/span><\/label><ul id=\"wpforms-3025-field_8\" class=\"wpforms-field-required\"><li class=\"choice-1 depth-1\"><input type=\"checkbox\" id=\"wpforms-3025-field_8_1\" name=\"wpforms[fields][8][]\" value=\"Consinto o processamento inform\u00e1tico dos dados fornecidos, para a gest\u00e3o da minha milit\u00e2ncia da JSD\/A\u00e7ores. Reconhe\u00e7o que a mudan\u00e7a dos dados solicitada apenas ser\u00e1 efetuada ap\u00f3s a confirma\u00e7\u00e3o humana dos mesmos, pelo Secretariado Geral da JSD\/A\u00e7ores. Tomo conhecimento da pol\u00edtica de privacidade e avisos legais da JSD\/A\u00e7ores\" required ><label class=\"wpforms-field-label-inline\" for=\"wpforms-3025-field_8_1\">Consinto o processamento inform\u00e1tico dos dados fornecidos, para a gest\u00e3o da minha milit\u00e2ncia da JSD\/A\u00e7ores. Reconhe\u00e7o que a mudan\u00e7a dos dados solicitada apenas ser\u00e1 efetuada ap\u00f3s a confirma\u00e7\u00e3o humana dos mesmos, pelo Secretariado Geral da JSD\/A\u00e7ores. Tomo conhecimento da pol\u00edtica de privacidade e avisos legais da JSD\/A\u00e7ores<\/label><\/li><\/ul><div class=\"wpforms-field-description\">Pode consultar a pol\u00edtica de privacidade e avisos legais da JSD\/A\u00e7ores <a href=\"http:\/\/jsdacores.pt\/front\/politica-de-privacidade-e-avisos-legais\/\">aqui<\/a><\/div><\/div><\/div><div class=\"wpforms-field wpforms-field-hp\"><label for=\"wpforms-3025-field-hp\" class=\"wpforms-field-label\">Message<\/label><input type=\"text\" name=\"wpforms[hp]\" id=\"wpforms-3025-field-hp\" class=\"wpforms-field-medium\"><\/div><div class=\"wpforms-recaptcha-container\" ><div class=\"g-recaptcha\" data-sitekey=\"6Le_JqYUAAAAAE3XSR-IKg1wb6fk3pPNkgc4HCAR\"><\/div><input type=\"text\" name=\"g-recaptcha-hidden\" class=\"wpforms-recaptcha-hidden\" style=\"position:absolute!important;clip:rect(0,0,0,0)!important;height:1px!important;width:1px!important;border:0!important;overflow:hidden!important;padding:0!important;margin:0!important;\" required><\/div><div class=\"wpforms-submit-container\" ><input type=\"hidden\" name=\"wpforms[id]\" value=\"3025\"><input type=\"hidden\" name=\"wpforms[author]\" value=\"1\"><button type=\"submit\" name=\"wpforms[submit]\" class=\"wpforms-submit \" id=\"wpforms-submit-3025\" value=\"wpforms-submit\" aria-live=\"assertive\" data-alt-text=\"Enviando...\" data-submit-text=\"Enviar Pedido\">Enviar Pedido<\/button><\/div><\/form><\/div>  <!-- .wpforms-container -->\n","protected":false},"excerpt":{"rendered":"Please enable JavaScript in your browser to complete this form.Nome *BI\/CC *Concelho *Morada *Terlem\u00f3vel *Email *Justifica\u00e7\u00e3o *Termos e Condi\u00e7\u00f5es *Consinto o processamento inform\u00e1tico dos dados fornecidos,<span class=\"excerpt-hellip\"> [\u2026]<\/span>","protected":false},"author":1,"featured_media":0,"parent":0,"menu_order":0,"comment_status":"open","ping_status":"open","template":"","meta":{"spay_email":"","footnotes":""},"class_list":["post-2488","page","type-page","status-publish","hentry"],"jetpack_sharing_enabled":true,"jetpack_shortlink":"https:\/\/wp.me\/P8wvZV-E8","_links":{"self":[{"href":"http:\/\/jsdacores.pt\/front\/wp-json\/wp\/v2\/pages\/2488","targetHints":{"allow":["GET"]}}],"collection":[{"href":"http:\/\/jsdacores.pt\/front\/wp-json\/wp\/v2\/pages"}],"about":[{"href":"http:\/\/jsdacores.pt\/front\/wp-json\/wp\/v2\/types\/page"}],"author":[{"embeddable":true,"href":"http:\/\/jsdacores.pt\/front\/wp-json\/wp\/v2\/users\/1"}],"replies":[{"embeddable":true,"href":"http:\/\/jsdacores.pt\/front\/wp-json\/wp\/v2\/comments?post=2488"}],"version-history":[{"count":2,"href":"http:\/\/jsdacores.pt\/front\/wp-json\/wp\/v2\/pages\/2488\/revisions"}],"predecessor-version":[{"id":3026,"href":"http:\/\/jsdacores.pt\/front\/wp-json\/wp\/v2\/pages\/2488\/revisions\/3026"}],"wp:attachment":[{"href":"http:\/\/jsdacores.pt\/front\/wp-json\/wp\/v2\/media?parent=2488"}],"curies":[{"name":"wp","href":"https:\/\/api.w.org\/{rel}","templated":true}]}}