{"id":2609,"date":"2017-04-21T10:07:00","date_gmt":"2017-04-21T10:07:00","guid":{"rendered":"http:\/\/jsdacores.pt\/front\/?page_id=2609"},"modified":"2019-05-29T10:45:50","modified_gmt":"2019-05-29T10:45:50","slug":"politica-de-privacidade-e-avisos-legais","status":"publish","type":"page","link":"http:\/\/jsdacores.pt\/front\/politica-de-privacidade-e-avisos-legais\/","title":{"rendered":"Pol\u00edtica de Privacidade e Avisos Legais"},"content":{"rendered":"<p><strong>O portal da JSD\/A\u00e7ores pede dados pessoais?<\/strong><\/p>\n<p>Sim. Pedimos o nome, endere\u00e7o de correio electr\u00f3nico e outros dados pessoais quando um\u00a0utilizador entra em contacto connosco, ou participa nos eventos online disponibilizados. No entanto, a utiliza\u00e7\u00e3o dos dados pessoais fornecidos \u00e9 reservada e n\u00e3o ser\u00e1 tornada p\u00fablica.<\/p>\n<p><strong>Qual a utiliza\u00e7\u00e3o que o portal da JSD\/A\u00e7ores d\u00e1 aos seus dados pessoais?<\/strong><\/p>\n<p>A finalidade da JSD\/A\u00e7ores ao recolher informa\u00e7\u00e3o pessoal \u00e9 a de proporcionar ao Utilizador uma experi\u00eancia na Internet o mais personalizada poss\u00edvel e permitir a comunica\u00e7\u00e3o com o Utilizador. Sabendo um pouco de si estaremos em condi\u00e7\u00f5es de lhe proporcionar um melhor servi\u00e7o.<\/p>\n<p><strong>O portal da JSD\/A\u00e7ores pode revelar os seus dados pessoais?<\/strong><\/p>\n<p>N\u00e3o. N\u00e3o obstante, a JSD\/A\u00e7ores pode revelar \u00e0s autoridades p\u00fablicas competentes os Dados Pessoais e qualquer outra informa\u00e7\u00e3o que esteja em seu poder ou seja acess\u00edvel atrav\u00e9s dos seus sistemas e que seja requerida de conformidade com as disposi\u00e7\u00f5es legais e regulamentares aplic\u00e1veis ao caso. Todas estas circunst\u00e2ncias ser\u00e3o pr\u00e9via e devidamente informadas aos Utilizadores pela JSD\/A\u00e7ores, nos casos e na forma em que tal seja legalmente exig\u00edvel. Um dos dados pass\u00edvel de divulga\u00e7\u00e3o \u00e0s autoridade, no \u00e2mbito de processos de combate ao cibercrime, \u00e9 o endere\u00e7o IP de onde foi acedido o Portal da JSD\/A\u00e7ores ou enviada alguma intera\u00e7\u00e3o escrita a partir de qualquer um dos mecanismos dispon\u00edveis.<\/p>\n<p>Os Utilizadores t\u00eam direitos reconhecidos e poder\u00e3o exercitar esses direitos de acesso, cancelamento, rectifica\u00e7\u00e3o e oposi\u00e7\u00e3o. A gest\u00e3o de dados da JSD\/A\u00e7ores pode ser contactada pelo email gestordedados@jsdacores.pt.<\/p>\n<p><strong>O portal da JSD\/A\u00e7ores pode usar os meus dados pessoais para correio directo?<\/strong><\/p>\n<p>Sim,\u00a0mas apenas nos casos em que o utilizador d\u00e1 o consentimento direto para tal.<\/p>\n<p><strong>O portal da JSD\/A\u00e7ores\u00a0usa cookies?<\/strong><\/p>\n<p>Usamos cookies para lhe permitir uma experi\u00eancia de navega\u00e7\u00e3o agrad\u00e1vel e enriquecedora, de modo a podermos proporcionar-lhe um servi\u00e7o personalizado. Os cookies s\u00e3o tamb\u00e9m utilizados como op\u00e7\u00f5es t\u00e9cnicas para a navega\u00e7\u00e3o no portal. Nota: Permitir que um portal crie um cookie n\u00e3o confere acesso ao resto do seu computador, quer por parte desse ou de qualquer outro portal. Apenas o portal que criou o cookie poder\u00e1 ler o mesmo.<\/p>\n","protected":false},"excerpt":{"rendered":"<p>O portal da JSD\/A\u00e7ores pede dados pessoais? Sim. Pedimos o nome, endere\u00e7o de correio electr\u00f3nico e outros dados pessoais quando um\u00a0utilizador entra em contacto connosco, ou<span class=\"excerpt-hellip\"> [\u2026]<\/span><\/p>\n","protected":false},"author":1,"featured_media":0,"parent":0,"menu_order":0,"comment_status":"open","ping_status":"closed","template":"","meta":{"spay_email":"","footnotes":""},"class_list":["post-2609","page","type-page","status-publish","hentry"],"jetpack_sharing_enabled":true,"jetpack_shortlink":"https:\/\/wp.me\/P8wvZV-G5","_links":{"self":[{"href":"http:\/\/jsdacores.pt\/front\/wp-json\/wp\/v2\/pages\/2609","targetHints":{"allow":["GET"]}}],"collection":[{"href":"http:\/\/jsdacores.pt\/front\/wp-json\/wp\/v2\/pages"}],"about":[{"href":"http:\/\/jsdacores.pt\/front\/wp-json\/wp\/v2\/types\/page"}],"author":[{"embeddable":true,"href":"http:\/\/jsdacores.pt\/front\/wp-json\/wp\/v2\/users\/1"}],"replies":[{"embeddable":true,"href":"http:\/\/jsdacores.pt\/front\/wp-json\/wp\/v2\/comments?post=2609"}],"version-history":[{"count":7,"href":"http:\/\/jsdacores.pt\/front\/wp-json\/wp\/v2\/pages\/2609\/revisions"}],"predecessor-version":[{"id":5572,"href":"http:\/\/jsdacores.pt\/front\/wp-json\/wp\/v2\/pages\/2609\/revisions\/5572"}],"wp:attachment":[{"href":"http:\/\/jsdacores.pt\/front\/wp-json\/wp\/v2\/media?parent=2609"}],"curies":[{"name":"wp","href":"https:\/\/api.w.org\/{rel}","templated":true}]}}