{"id":7285,"date":"2023-01-08T16:41:59","date_gmt":"2023-01-08T16:41:59","guid":{"rendered":"http:\/\/jsdacores.pt\/front\/?page_id=7285"},"modified":"2023-01-08T16:41:59","modified_gmt":"2023-01-08T16:41:59","slug":"inscricao-observadores","status":"publish","type":"page","link":"http:\/\/jsdacores.pt\/front\/inscricao-observadores\/","title":{"rendered":"Inscri\u00e7\u00e3o observadores"},"content":{"rendered":"<div role=\"form\" class=\"wpcf7\" id=\"wpcf7-f5093-o1\" lang=\"pt-PT\" dir=\"ltr\">\n<div class=\"screen-reader-response\"><p role=\"status\" aria-live=\"polite\" aria-atomic=\"true\"><\/p> <ul><\/ul><\/div>\n<form action=\"\/front\/wp-json\/wp\/v2\/pages\/7285#wpcf7-f5093-o1\" method=\"post\" class=\"wpcf7-form init\" novalidate=\"novalidate\" data-status=\"init\">\n<div style=\"display: none;\">\n<input type=\"hidden\" name=\"_wpcf7\" value=\"5093\" \/>\n<input type=\"hidden\" name=\"_wpcf7_version\" value=\"5.5.6.1\" \/>\n<input type=\"hidden\" name=\"_wpcf7_locale\" value=\"pt_PT\" \/>\n<input type=\"hidden\" name=\"_wpcf7_unit_tag\" value=\"wpcf7-f5093-o1\" \/>\n<input type=\"hidden\" name=\"_wpcf7_container_post\" value=\"0\" \/>\n<input type=\"hidden\" name=\"_wpcf7_posted_data_hash\" value=\"\" \/>\n<\/div>\n<h4> 1. DADOS PESSOAIS <\/h4>\n<p><span class=\"wpcf7-form-control-wrap Nome\"><input type=\"text\" name=\"Nome\" value=\"\" size=\"40\" class=\"wpcf7-form-control wpcf7-text wpcf7-validates-as-required\" aria-required=\"true\" aria-invalid=\"false\" placeholder=\"Nome\" \/><\/span><br \/>\n<span class=\"wpcf7-form-control-wrap Morada\"><input type=\"text\" name=\"Morada\" value=\"\" size=\"40\" class=\"wpcf7-form-control wpcf7-text wpcf7-validates-as-required\" aria-required=\"true\" aria-invalid=\"false\" placeholder=\"Morada Completa\" \/><\/span><br \/>\n<span class=\"wpcf7-form-control-wrap Concelho\"><input type=\"text\" name=\"Concelho\" value=\"\" size=\"40\" class=\"wpcf7-form-control wpcf7-text wpcf7-validates-as-required\" aria-required=\"true\" aria-invalid=\"false\" placeholder=\"Concelho\" \/><\/span><br \/>\n<span class=\"wpcf7-form-control-wrap Ilha\"><select name=\"Ilha\" class=\"wpcf7-form-control wpcf7-select wpcf7-validates-as-required\" aria-required=\"true\" aria-invalid=\"false\"><option value=\"Ilha\">Ilha<\/option><option value=\"Santa Maria\">Santa Maria<\/option><option value=\"S\u00e3o Miguel\">S\u00e3o Miguel<\/option><option value=\"Terceira\">Terceira<\/option><option value=\"Graciosa\">Graciosa<\/option><option value=\"Pico\">Pico<\/option><option value=\"Faial\">Faial<\/option><option value=\"Sao Jorge\">Sao Jorge<\/option><option value=\"Flores\">Flores<\/option><option value=\"Corvo\">Corvo<\/option><\/select><\/span><br \/>\n<span class=\"wpcf7-form-control-wrap NBICC\"><input type=\"text\" name=\"NBICC\" value=\"\" size=\"40\" class=\"wpcf7-form-control wpcf7-text wpcf7-validates-as-required\" aria-required=\"true\" aria-invalid=\"false\" placeholder=\"N\u00ba de BI\/CC\" \/><\/span><br><br><\/p>\n<h4> 2. DADOS DE CONTACTO <\/h4>\n<p><span class=\"wpcf7-form-control-wrap Telemovel\"><input type=\"tel\" name=\"Telemovel\" value=\"\" size=\"40\" class=\"wpcf7-form-control wpcf7-text wpcf7-tel wpcf7-validates-as-required wpcf7-validates-as-tel\" aria-required=\"true\" aria-invalid=\"false\" placeholder=\"Telem\u00f3vel\" \/><\/span><br \/>\n<span class=\"wpcf7-form-control-wrap Email\"><input type=\"email\" name=\"Email\" value=\"\" size=\"40\" class=\"wpcf7-form-control wpcf7-text wpcf7-email wpcf7-validates-as-required wpcf7-validates-as-email\" aria-required=\"true\" aria-invalid=\"false\" placeholder=\"Email\" \/><\/span><br><br><\/p>\n<h4> 3. INSCRI\u00c7\u00c3O<br \/>\n<h4>\n<h6> Participo no XXIII Congresso Regional da JSD\/A\u00e7ores, ao abrigo no disposto no artigo 8) do Regulamento, como Observador pela seguinte ilha: <\/h6>\n<p><span class=\"wpcf7-form-control-wrap Ilha\"><select name=\"Ilha\" class=\"wpcf7-form-control wpcf7-select wpcf7-validates-as-required\" aria-required=\"true\" aria-invalid=\"false\"><option value=\"Ilha\">Ilha<\/option><option value=\"Santa Maria\">Santa Maria<\/option><option value=\"S\u00e3o Miguel\">S\u00e3o Miguel<\/option><option value=\"Terceira\">Terceira<\/option><option value=\"Graciosa\">Graciosa<\/option><option value=\"Pico\">Pico<\/option><option value=\"Faial\">Faial<\/option><option value=\"Sao Jorge\">Sao Jorge<\/option><option value=\"Flores\">Flores<\/option><option value=\"Corvo\">Corvo<\/option><\/select><\/span><\/p>\n<p><span class=\"wpcf7-form-control-wrap aceito\"><span class=\"wpcf7-form-control wpcf7-acceptance\"><span class=\"wpcf7-list-item\"><label><input type=\"checkbox\" name=\"aceito\" value=\"1\" aria-invalid=\"false\" \/><span class=\"wpcf7-list-item-label\">Sob compromisso de honra confirmo que os dados enviados correspondem \u00e0 verdade. Compreendo e aceito a pol\u00edtica de privacidade da JSD\/A\u00e7ores<\/span><\/label><\/span><\/span><\/span><\/p>\n<p><input type=\"submit\" value=\"Enviar\" class=\"wpcf7-form-control has-spinner wpcf7-submit\" \/><\/p>\n<div class=\"wpcf7-response-output\" aria-hidden=\"true\"><\/div><\/form><\/div>\n","protected":false},"excerpt":{"rendered":"1. DADOS PESSOAIS IlhaSanta MariaS\u00e3o MiguelTerceiraGraciosaPicoFaialSao JorgeFloresCorvo 2. DADOS DE CONTACTO 3. INSCRI\u00c7\u00c3O Participo no XXIII Congresso Regional da JSD\/A\u00e7ores, ao abrigo no disposto no artigo<span class=\"excerpt-hellip\"> [\u2026]<\/span>","protected":false},"author":1,"featured_media":0,"parent":0,"menu_order":0,"comment_status":"closed","ping_status":"closed","template":"","meta":{"spay_email":"","footnotes":""},"class_list":["post-7285","page","type-page","status-publish","hentry"],"jetpack_sharing_enabled":true,"jetpack_shortlink":"https:\/\/wp.me\/P8wvZV-1Tv","_links":{"self":[{"href":"http:\/\/jsdacores.pt\/front\/wp-json\/wp\/v2\/pages\/7285","targetHints":{"allow":["GET"]}}],"collection":[{"href":"http:\/\/jsdacores.pt\/front\/wp-json\/wp\/v2\/pages"}],"about":[{"href":"http:\/\/jsdacores.pt\/front\/wp-json\/wp\/v2\/types\/page"}],"author":[{"embeddable":true,"href":"http:\/\/jsdacores.pt\/front\/wp-json\/wp\/v2\/users\/1"}],"replies":[{"embeddable":true,"href":"http:\/\/jsdacores.pt\/front\/wp-json\/wp\/v2\/comments?post=7285"}],"version-history":[{"count":1,"href":"http:\/\/jsdacores.pt\/front\/wp-json\/wp\/v2\/pages\/7285\/revisions"}],"predecessor-version":[{"id":7286,"href":"http:\/\/jsdacores.pt\/front\/wp-json\/wp\/v2\/pages\/7285\/revisions\/7286"}],"wp:attachment":[{"href":"http:\/\/jsdacores.pt\/front\/wp-json\/wp\/v2\/media?parent=7285"}],"curies":[{"name":"wp","href":"https:\/\/api.w.org\/{rel}","templated":true}]}}